{"id":32,"date":"2025-04-02T13:28:17","date_gmt":"2025-04-02T13:28:17","guid":{"rendered":"https:\/\/steel78.ilm42.de\/?page_id=32"},"modified":"2025-04-04T22:31:56","modified_gmt":"2025-04-04T22:31:56","slug":"imprint","status":"publish","type":"page","link":"https:\/\/steel78.com\/?page_id=32","title":{"rendered":"Impressum"},"content":{"rendered":"\n<div class=\"wp-block-group alignfull has-global-padding is-layout-constrained wp-block-group-is-layout-constrained\">\n<h2 class=\"wp-block-heading\">Sebastian Stahl<\/h2>\n\n\n\n<p class=\"has-medium-font-size\">Birkenfelder Stra\u00dfe 23<br>DE-53819 Neunkirchen<\/p>\n\n\n\n<h2 class=\"wp-block-heading\">Kontakt<\/h2>\n\n\n\n<p class=\"has-medium-font-size\">E-Mail: info@steel78.com<br>Telefon: <br>Telefax: <em>Zur Schonung unserer Umwelt und Vermeidung unn\u00f6tiger Papierabf\u00e4lle verwenden wir kein Fax. Wir bitten um Verst\u00e4ndnis.<\/em><\/p>\n\n\n\n<h2 class=\"wp-block-heading\">Redaktionell verantwortlich:<\/h2>\n\n\n\n<p class=\"has-medium-font-size\">Herr Sebastian Stahl<\/p>\n\n\n\n<div style=\"height:30px\" aria-hidden=\"true\" class=\"wp-block-spacer\"><\/div>\n\n\n\n<p class=\"has-small-font-size\"><em>Quelle: e-recht24.de<\/em><\/p>\n\n\n\n<div style=\"height:100px\" aria-hidden=\"true\" class=\"wp-block-spacer\"><\/div>\n\n\n\n<p><a href=\"https:\/\/steel78.ilm42.de\/\">zur\u00fcck zur Homepage<\/a><\/p>\n<\/div>\n","protected":false},"excerpt":{"rendered":"<p>Sebastian Stahl Birkenfelder Stra\u00dfe 23DE-53819 Neunkirchen Kontakt E-Mail: info@steel78.comTelefon: Telefax: Zur Schonung unserer Umwelt und Vermeidung unn\u00f6tiger Papierabf\u00e4lle verwenden wir kein Fax. Wir bitten um Verst\u00e4ndnis. Redaktionell verantwortlich: Herr Sebastian Stahl Quelle: e-recht24.de zur\u00fcck zur Homepage<\/p>\n","protected":false},"author":1,"featured_media":0,"parent":0,"menu_order":0,"comment_status":"closed","ping_status":"closed","template":"","meta":{"footnotes":""},"class_list":["post-32","page","type-page","status-publish","hentry"],"_links":{"self":[{"href":"https:\/\/steel78.com\/index.php?rest_route=\/wp\/v2\/pages\/32","targetHints":{"allow":["GET"]}}],"collection":[{"href":"https:\/\/steel78.com\/index.php?rest_route=\/wp\/v2\/pages"}],"about":[{"href":"https:\/\/steel78.com\/index.php?rest_route=\/wp\/v2\/types\/page"}],"author":[{"embeddable":true,"href":"https:\/\/steel78.com\/index.php?rest_route=\/wp\/v2\/users\/1"}],"replies":[{"embeddable":true,"href":"https:\/\/steel78.com\/index.php?rest_route=%2Fwp%2Fv2%2Fcomments&post=32"}],"version-history":[{"count":8,"href":"https:\/\/steel78.com\/index.php?rest_route=\/wp\/v2\/pages\/32\/revisions"}],"predecessor-version":[{"id":264,"href":"https:\/\/steel78.com\/index.php?rest_route=\/wp\/v2\/pages\/32\/revisions\/264"}],"wp:attachment":[{"href":"https:\/\/steel78.com\/index.php?rest_route=%2Fwp%2Fv2%2Fmedia&parent=32"}],"curies":[{"name":"wp","href":"https:\/\/api.w.org\/{rel}","templated":true}]}}